{"id":11056,"date":"2021-07-15T22:41:46","date_gmt":"2021-07-15T21:41:46","guid":{"rendered":"https:\/\/qticket.com\/par-mums\/"},"modified":"2024-08-15T11:58:46","modified_gmt":"2024-08-15T10:58:46","slug":"par-mums","status":"publish","type":"page","link":"https:\/\/www.qticket.lv\/lv\/par-mums\/","title":{"rendered":"Par mums"},"content":{"rendered":"<p>[vc_row full_width=&#8221;stretch_row_content&#8221; full_height=&#8221;yes&#8221; css=&#8221;.vc_custom_1614160276285{padding-top: 200px !important;padding-bottom: 50px !important;background-color: #00b3ff !important;}&#8221;][vc_column width=&#8221;1\/6&#8243; offset=&#8221;vc_hidden-xs&#8221;][\/vc_column][vc_column width=&#8221;4\/6&#8243;]<header class=\"kd-section-title col-lg-12 text-center     vc_custom_1620381532230\" ><h2 class=\"separator_off\" style=\"color: #ffffff;\">Tilts starp cilv\u0113kiem un pakalpojumiem<\/h2><\/header>[\/vc_column][vc_column width=&#8221;1\/6&#8243; offset=&#8221;vc_hidden-xs&#8221;][\/vc_column][\/vc_row][vc_row full_width=&#8221;stretch_row_content_no_spaces&#8221; css=&#8221;.vc_custom_1539594909573{background-color: #f5f5f5 !important;}&#8221;][vc_column width=&#8221;1\/2&#8243; css=&#8221;.vc_custom_1522315111993{padding-top: 0px !important;}&#8221; offset=&#8221;vc_col-lg-6 vc_col-md-12&#8243;][vc_row_inner css=&#8221;.vc_custom_1620381068708{padding-top: 200px !important;padding-bottom: 200px !important;background-image: url(https:\/\/qticket.com\/wp-content\/uploads\/2021\/05\/people_line_1-1.png?id=10687) !important;background-position: center !important;background-repeat: no-repeat !important;background-size: cover !important;}&#8221;][vc_column_inner css=&#8221;.vc_custom_1511789291663{padding-top: 0px !important;padding-bottom: 0px !important;}&#8221;][vc_empty_space height=&#8221;200px&#8221;][\/vc_column_inner][\/vc_row_inner][\/vc_column][vc_column width=&#8221;1\/2&#8243; offset=&#8221;vc_col-lg-6 vc_col-md-12&#8243;][vc_row_inner css=&#8221;.vc_custom_1539595123771{padding-top: 150px !important;}&#8221;][vc_column_inner width=&#8221;1\/4&#8243; offset=&#8221;vc_hidden-xs&#8221;][\/vc_column_inner][vc_column_inner width=&#8221;1\/2&#8243; css=&#8221;.vc_custom_1522315135741{padding-bottom: 50px !important;}&#8221;]<header class=\"kd-section-title col-lg-12 text-center solid-line sep-border-width-3 80%    vc_custom_1721202997816\" ><h2 class=\"separator_on\" >\u0160\u0137ietami vienk\u0101r\u0161i procesi var izr\u0101d\u012bties p\u0101r\u0101k sare\u017e\u0123\u012bti<\/h2><div class=\"kd-separator below_title\" style=\"width:80%;\"><div class=\"kd-separator-line\" ><\/div><\/div><h6 class=\"subtitle \" >Nav j\u0113gas izniekot resursus tam, ko iesp\u0113jams viegli atrisin\u0101t ar tehnolo\u0123ij\u0101m, vienlaikus nov\u0113r\u0161ot ne\u0113rt\u012bbas gan klientiem, gan uz\u0146\u0113mumiem un valsts iest\u0101d\u0113m.<\/h6><\/header>[\/vc_column_inner][vc_column_inner width=&#8221;1\/4&#8243;][\/vc_column_inner][\/vc_row_inner][\/vc_column][\/vc_row][vc_row full_width=&#8221;stretch_row_content_no_spaces&#8221; css=&#8221;.vc_custom_1620384248787{background-color: #f5f5f5 !important;}&#8221;][vc_column width=&#8221;1\/2&#8243; offset=&#8221;vc_col-lg-6 vc_col-md-12&#8243;][vc_row_inner css=&#8221;.vc_custom_1539595317116{padding-top: 150px !important;}&#8221;][vc_column_inner width=&#8221;1\/4&#8243; offset=&#8221;vc_hidden-xs&#8221;][\/vc_column_inner][vc_column_inner width=&#8221;1\/2&#8243; css=&#8221;.vc_custom_1522315555118{padding-bottom: 50px !important;}&#8221;]<header class=\"kd-section-title col-lg-12 text-center solid-line sep-border-width-3 80%    vc_custom_1721203040878\" ><h2 class=\"separator_on\" >M\u0113s ticam, ka tehnolo\u0123iju centr\u0101 ir lietot\u0101js<\/h2><div class=\"kd-separator below_title\" style=\"width:80%;\"><div class=\"kd-separator-line\" ><\/div><\/div><h6 class=\"subtitle \" >M\u016bsu programmat\u016bra ir izstr\u0101d\u0101ta, lai padar\u012btu pakalpojumus pieejam\u0101kus, nodro\u0161inot izcilu digit\u0101lo pieredzi.<\/h6><\/header>[\/vc_column_inner][vc_column_inner width=&#8221;1\/4&#8243; offset=&#8221;vc_hidden-xs&#8221;][\/vc_column_inner][\/vc_row_inner][\/vc_column][vc_column width=&#8221;1\/2&#8243; css=&#8221;.vc_custom_1522315574795{padding-top: 0px !important;}&#8221; offset=&#8221;vc_col-lg-6 vc_col-md-12&#8243;][vc_row_inner css=&#8221;.vc_custom_1620381227807{padding-top: 200px !important;padding-bottom: 200px !important;background-image: url(https:\/\/qticket.com\/wp-content\/uploads\/2021\/05\/people_line_2-1.png?id=10690) !important;background-position: center !important;background-repeat: no-repeat !important;background-size: cover !important;}&#8221;][vc_column_inner css=&#8221;.vc_custom_1511789291663{padding-top: 0px !important;padding-bottom: 0px !important;}&#8221;][vc_empty_space height=&#8221;200px&#8221;][\/vc_column_inner][\/vc_row_inner][\/vc_column][\/vc_row][vc_row full_width=&#8221;stretch_row_content_no_spaces&#8221; kd_bottom_separator_style=&#8221;triangle-left&#8221; kd_bottom_separator_height=&#8221;separator-height-small&#8221; kd_bottom_separator=&#8221;true&#8221; css=&#8221;.vc_custom_1620384632435{padding-bottom: 100px !important;background-color: #f7f4fa !important;}&#8221;][vc_column][vc_row_inner css=&#8221;.vc_custom_1539595317116{padding-top: 150px !important;}&#8221;][vc_column_inner]<header class=\"kd-section-title vc_col-lg-6 vc_col-sm-8 text-center     vc_custom_1721027397154\" ><h2 class=\"separator_off\" >M\u016bsu komanda<\/h2><h6 class=\"subtitle \" >M\u016bsu izstr\u0101des komandai ir pieredze ar klientiem 18 pasaules valst\u012bs, ievie\u0161ot projektus Vodafone, The United Nations, Santander Bank, Jaguar Land Rover, FC Barcelona un daudziem citiem. M\u0113s esam eksperti sist\u0113mu integr\u0101cij\u0101s un mobile-first sist\u0113mu izstr\u0101d\u0113, nodro\u0161inot atbilst\u012bbu augst\u0101kajiem kiberdro\u0161\u012bbas standartiem.<\/h6><\/header>[\/vc_column_inner][\/vc_row_inner][\/vc_column][\/vc_row][vc_row full_width=&#8221;stretch_row&#8221; content_placement=&#8221;middle&#8221; css=&#8221;.vc_custom_1614876082768{padding-bottom: 50px !important;}&#8221;][vc_column]<header class=\"kd-section-title col-lg-12 text-right     vc_custom_1620381489446\" ><h2 class=\"separator_off\" >M\u0113s esam lab\u0101 komp\u0101nij\u0101<\/h2><h6 class=\"subtitle \" >M\u0113s augsti nov\u0113rt\u0113jam savus domubiedrus:<\/h6><\/header>[vc_row_inner][vc_column_inner width=&#8221;1\/4&#8243; css=&#8221;.vc_custom_1614874780234{padding-top: 10px !important;padding-bottom: 10px !important;}&#8221; offset=&#8221;vc_col-xs-12&#8243;][vc_single_image image=&#8221;10730&#8243; alignment=&#8221;center&#8221; onclick=&#8221;custom_link&#8221; img_link_target=&#8221;_blank&#8221; css_animation=&#8221;none&#8221; link=&#8221;https:\/\/www.chamber.lv\/&#8221;][\/vc_column_inner][vc_column_inner width=&#8221;1\/4&#8243; css=&#8221;.vc_custom_1614874791982{padding-top: 10px !important;padding-bottom: 10px !important;}&#8221; offset=&#8221;vc_col-xs-12&#8243;][vc_single_image image=&#8221;10727&#8243; alignment=&#8221;center&#8221; onclick=&#8221;custom_link&#8221; img_link_target=&#8221;_blank&#8221; link=&#8221;https:\/\/inkubatori.magneticlatvia.lv\/&#8221;][\/vc_column_inner][vc_column_inner width=&#8221;1\/4&#8243; css=&#8221;.vc_custom_1614874804885{padding-top: 10px !important;padding-bottom: 10px !important;}&#8221; offset=&#8221;vc_col-xs-12&#8243;][vc_single_image image=&#8221;10724&#8243; alignment=&#8221;center&#8221; onclick=&#8221;custom_link&#8221; img_link_target=&#8221;_blank&#8221; link=&#8221;https:\/\/www.itbaltic.com\/&#8221;][\/vc_column_inner][vc_column_inner width=&#8221;1\/4&#8243; css=&#8221;.vc_custom_1614874819219{padding-top: 10px !important;padding-bottom: 10px !important;}&#8221;][vc_single_image image=&#8221;10721&#8243; alignment=&#8221;center&#8221; onclick=&#8221;custom_link&#8221; img_link_target=&#8221;_blank&#8221; link=&#8221;https:\/\/www.hansab.lv\/&#8221;][\/vc_column_inner][\/vc_row_inner][\/vc_column][\/vc_row][vc_row full_width=&#8221;stretch_row&#8221; kd_top_separator_style=&#8221;triangle-right&#8221; kd_top_separator_height=&#8221;separator-height-small&#8221; kd_top_separator=&#8221;true&#8221; css=&#8221;.vc_custom_1614876128533{padding-bottom: 50px !important;background-color: #f7f4fa !important;}&#8221;][vc_column width=&#8221;2\/3&#8243;]<header class=\"kd-section-title col-lg-12 text-left     vc_custom_1614876384569\" ><h2 class=\"separator_off\" >Pal\u012bdziet mums k\u013c\u016bt paman\u0101m\u0101kiem<\/h2><h6 class=\"subtitle \" >Jebkura tehnolo\u0123ija ir tikai tik laba, cik lielu v\u0113rt\u012bbu t\u0101 sniedz lietot\u0101jam. Atbalstiet m\u016bs ar savu atsauksmi:<\/h6><\/header>[\/vc_column][vc_column width=&#8221;1\/3&#8243;][\/vc_column][vc_column][vc_row_inner][vc_column_inner width=&#8221;1\/4&#8243; offset=&#8221;vc_col-xs-12&#8243; css=&#8221;.vc_custom_1620384948626{padding-top: 10px !important;padding-bottom: 10px !important;}&#8221;][vc_single_image image=&#8221;10704&#8243; alignment=&#8221;center&#8221; onclick=&#8221;custom_link&#8221; img_link_target=&#8221;_blank&#8221; link=&#8221;https:\/\/apps.apple.com\/lv\/app\/qticket-app\/id1501727061&#8243;][\/vc_column_inner][vc_column_inner width=&#8221;1\/4&#8243; css=&#8221;.vc_custom_1614875035424{padding-top: 10px !important;padding-bottom: 10px !important;}&#8221; offset=&#8221;vc_col-xs-12&#8243;][vc_single_image image=&#8221;10711&#8243; alignment=&#8221;center&#8221; onclick=&#8221;custom_link&#8221; img_link_target=&#8221;_blank&#8221; css_animation=&#8221;none&#8221; link=&#8221;https:\/\/play.google.com\/store\/apps\/details?id=app.qticket&#8221;][\/vc_column_inner][vc_column_inner width=&#8221;1\/4&#8243; css=&#8221;.vc_custom_1614875048380{padding-top: 10px !important;padding-bottom: 10px !important;}&#8221; offset=&#8221;vc_col-xs-12&#8243;][vc_single_image image=&#8221;10714&#8243; alignment=&#8221;center&#8221; onclick=&#8221;custom_link&#8221; link=&#8221;https:\/\/www.capterra.com\/p\/215548\/Qticket\/&#8221;][\/vc_column_inner][vc_column_inner width=&#8221;1\/4&#8243; css=&#8221;.vc_custom_1614875062956{padding-top: 10px !important;padding-bottom: 10px !important;}&#8221; offset=&#8221;vc_col-xs-12&#8243;][vc_single_image image=&#8221;10717&#8243; alignment=&#8221;center&#8221; onclick=&#8221;custom_link&#8221; img_link_target=&#8221;_blank&#8221; link=&#8221;https:\/\/www.g2.com\/products\/qticket\/reviews&#8221;][\/vc_column_inner][\/vc_row_inner][\/vc_column][\/vc_row][vc_row full_width=&#8221;stretch_row_content&#8221; content_placement=&#8221;middle&#8221; disable_element=&#8221;yes&#8221; css=&#8221;.vc_custom_1711114680068{padding-top: 50px !important;background-color: #00b3ff !important;}&#8221;][vc_column]<header class=\"kd-section-title col-lg-8 vc_col-sm-8 text-center     vc_custom_1626100657087\" ><h2 class=\"separator_off\" style=\"color: #ffffff;\">Uzziniet, k\u0101 mums kl\u0101jas<\/h2><\/header><a  href=\"https:\/\/qticket.com\/lv\/jaunumi\/\"  target=\"_self\"  title=\"Jaunumi\" class=\"tt_button tt_secondary_button btn_secondary_color hover_outline_secondary button-center button-action-link\" ><span class=\"prim_text\">Jaunumi<\/span><\/a>[vc_single_image image=&#8221;10521&#8243; img_size=&#8221;340X400&#8243; alignment=&#8221;center&#8221; css_animation=&#8221;fadeInUp&#8221; css=&#8221;.vc_custom_1620384116902{padding-top: 40px !important;}&#8221;][\/vc_column][\/vc_row]<\/p>\n","protected":false},"excerpt":{"rendered":"<p>[vc_row full_width=&#8221;stretch_row_content&#8221; full_height=&#8221;yes&#8221; css=&#8221;.vc_custom_1614160276285{padding-top: 200px !important;padding-bottom: 50px !important;background-color: #00b3ff !important;}&#8221;][vc_column width=&#8221;1\/6&#8243; offset=&#8221;vc_hidden-xs&#8221;][\/vc_column][vc_column width=&#8221;4\/6&#8243;][\/vc_column][vc_column width=&#8221;1\/6&#8243; offset=&#8221;vc_hidden-xs&#8221;][\/vc_column][\/vc_row][vc_row full_width=&#8221;stretch_row_content_no_spaces&#8221; css=&#8221;.vc_custom_1539594909573{background-color: #f5f5f5 !important;}&#8221;][vc_column width=&#8221;1\/2&#8243; [&hellip;]<\/p>\n","protected":false},"author":1,"featured_media":0,"parent":0,"menu_order":0,"comment_status":"closed","ping_status":"closed","template":"","meta":{"inline_featured_image":false},"yoast_head":"<!-- This site is optimized with the Yoast SEO plugin v15.5 - https:\/\/yoast.com\/wordpress\/plugins\/seo\/ -->\n<title>Par mums - Qticket<\/title>\n<meta name=\"robots\" content=\"index, follow, max-snippet:-1, max-image-preview:large, max-video-preview:-1\" \/>\n<link rel=\"canonical\" href=\"https:\/\/www.qticket.lv\/lv\/par-mums\/\" \/>\n<meta property=\"og:locale\" content=\"lv_LV\" \/>\n<meta property=\"og:type\" content=\"article\" \/>\n<meta property=\"og:title\" content=\"Par mums - Qticket\" \/>\n<meta property=\"og:description\" content=\"[vc_row full_width=&#8221;stretch_row_content&#8221; full_height=&#8221;yes&#8221; css=&#8221;.vc_custom_1614160276285{padding-top: 200px !important;padding-bottom: 50px !important;background-color: #00b3ff !important;}&#8221;][vc_column width=&#8221;1\/6&#8243; offset=&#8221;vc_hidden-xs&#8221;][\/vc_column][vc_column width=&#8221;4\/6&#8243;][\/vc_column][vc_column width=&#8221;1\/6&#8243; offset=&#8221;vc_hidden-xs&#8221;][\/vc_column][\/vc_row][vc_row full_width=&#8221;stretch_row_content_no_spaces&#8221; css=&#8221;.vc_custom_1539594909573{background-color: #f5f5f5 !important;}&#8221;][vc_column width=&#8221;1\/2&#8243; [&hellip;]\" \/>\n<meta property=\"og:url\" content=\"https:\/\/www.qticket.lv\/lv\/par-mums\/\" \/>\n<meta property=\"og:site_name\" content=\"Qticket\" \/>\n<meta property=\"article:publisher\" content=\"https:\/\/www.facebook.com\/qticketapp\/\" \/>\n<meta property=\"article:modified_time\" content=\"2024-08-15T10:58:46+00:00\" \/>\n<meta name=\"twitter:label1\" content=\"Est. reading time\">\n\t<meta name=\"twitter:data1\" content=\"5 minutes\">\n<script type=\"application\/ld+json\" class=\"yoast-schema-graph\">{\"@context\":\"https:\/\/schema.org\",\"@graph\":[{\"@type\":\"Organization\",\"@id\":\"https:\/\/www.qticket.lt\/lt\/#organization\",\"name\":\"Qticket\",\"url\":\"https:\/\/www.qticket.lt\/lt\/\",\"sameAs\":[\"https:\/\/www.facebook.com\/qticketapp\/\",\"https:\/\/www.linkedin.com\/company\/qticket\/\"],\"logo\":{\"@type\":\"ImageObject\",\"@id\":\"https:\/\/www.qticket.lt\/lt\/#logo\",\"inLanguage\":\"lv-LV\",\"url\":\"https:\/\/www.qticket.lv\/wp-content\/uploads\/2020\/04\/qticket.logo_.icon_-1.png\",\"width\":567,\"height\":567,\"caption\":\"Qticket\"},\"image\":{\"@id\":\"https:\/\/www.qticket.lt\/lt\/#logo\"}},{\"@type\":\"WebSite\",\"@id\":\"https:\/\/www.qticket.lt\/lt\/#website\",\"url\":\"https:\/\/www.qticket.lt\/lt\/\",\"name\":\"Qticket\",\"description\":\"Just another WordPress site\",\"publisher\":{\"@id\":\"https:\/\/www.qticket.lt\/lt\/#organization\"},\"potentialAction\":[{\"@type\":\"SearchAction\",\"target\":\"https:\/\/www.qticket.lt\/lt\/?s={search_term_string}\",\"query-input\":\"required name=search_term_string\"}],\"inLanguage\":\"lv-LV\"},{\"@type\":\"WebPage\",\"@id\":\"https:\/\/www.qticket.lv\/lv\/par-mums\/#webpage\",\"url\":\"https:\/\/www.qticket.lv\/lv\/par-mums\/\",\"name\":\"Par mums - Qticket\",\"isPartOf\":{\"@id\":\"https:\/\/www.qticket.lt\/lt\/#website\"},\"datePublished\":\"2021-07-15T21:41:46+00:00\",\"dateModified\":\"2024-08-15T10:58:46+00:00\",\"inLanguage\":\"lv-LV\",\"potentialAction\":[{\"@type\":\"ReadAction\",\"target\":[\"https:\/\/www.qticket.lv\/lv\/par-mums\/\"]}]}]}<\/script>\n<!-- \/ Yoast SEO plugin. -->","_links":{"self":[{"href":"https:\/\/www.qticket.lv\/lv\/wp-json\/wp\/v2\/pages\/11056"}],"collection":[{"href":"https:\/\/www.qticket.lv\/lv\/wp-json\/wp\/v2\/pages"}],"about":[{"href":"https:\/\/www.qticket.lv\/lv\/wp-json\/wp\/v2\/types\/page"}],"author":[{"embeddable":true,"href":"https:\/\/www.qticket.lv\/lv\/wp-json\/wp\/v2\/users\/1"}],"replies":[{"embeddable":true,"href":"https:\/\/www.qticket.lv\/lv\/wp-json\/wp\/v2\/comments?post=11056"}],"version-history":[{"count":6,"href":"https:\/\/www.qticket.lv\/lv\/wp-json\/wp\/v2\/pages\/11056\/revisions"}],"predecessor-version":[{"id":11361,"href":"https:\/\/www.qticket.lv\/lv\/wp-json\/wp\/v2\/pages\/11056\/revisions\/11361"}],"wp:attachment":[{"href":"https:\/\/www.qticket.lv\/lv\/wp-json\/wp\/v2\/media?parent=11056"}],"curies":[{"name":"wp","href":"https:\/\/api.w.org\/{rel}","templated":true}]}}