{"id":8386,"date":"2020-04-16T14:06:13","date_gmt":"2020-04-16T13:06:13","guid":{"rendered":"https:\/\/test.qticket.com\/?page_id=8386"},"modified":"2024-08-10T12:11:36","modified_gmt":"2024-08-10T11:11:36","slug":"customers-o","status":"publish","type":"page","link":"https:\/\/www.qticket.lv\/lv\/customers-o\/","title":{"rendered":"_Lietot\u0101jiem"},"content":{"rendered":"","protected":true},"excerpt":{"rendered":"","protected":true},"author":1,"featured_media":0,"parent":0,"menu_order":0,"comment_status":"closed","ping_status":"closed","template":"","meta":{"inline_featured_image":false},"yoast_head":"<!-- This site is optimized with the Yoast SEO plugin v15.5 - https:\/\/yoast.com\/wordpress\/plugins\/seo\/ -->\n<title>Qticket att\u0101lin\u0101to rindu un viz\u012b\u0161u pieraksta sist\u0113ma - Qticket<\/title>\n<meta name=\"description\" content=\"Qticket aplik\u0101cija dro\u0161\u0101kais un viegl\u0101kais veids, lai iest\u0101tos rind\u0101 un pierakst\u012btos uz viz\u012bti att\u0101lin\u0101ti Nov\u0113r\u0161 nepiecie\u0161am\u012bbu p\u0113c dz\u012bvaj\u0101m rind\u0101m un \u013cauj Tev pl\u0101not savu laiku\" \/>\n<meta name=\"robots\" content=\"index, follow, max-snippet:-1, max-image-preview:large, max-video-preview:-1\" \/>\n<link rel=\"canonical\" href=\"https:\/\/www.qticket.lv\/lv\/customers-o\/\" \/>\n<meta property=\"og:locale\" content=\"lv_LV\" \/>\n<meta property=\"og:type\" content=\"article\" \/>\n<meta property=\"og:title\" content=\"Qticket att\u0101lin\u0101to rindu un viz\u012b\u0161u pieraksta sist\u0113ma - Qticket\" \/>\n<meta property=\"og:description\" content=\"Qticket aplik\u0101cija dro\u0161\u0101kais un viegl\u0101kais veids, lai iest\u0101tos rind\u0101 un pierakst\u012btos uz viz\u012bti att\u0101lin\u0101ti Nov\u0113r\u0161 nepiecie\u0161am\u012bbu p\u0113c dz\u012bvaj\u0101m rind\u0101m un \u013cauj Tev pl\u0101not savu laiku\" \/>\n<meta property=\"og:url\" content=\"https:\/\/www.qticket.lv\/lv\/customers-o\/\" \/>\n<meta property=\"og:site_name\" content=\"Qticket\" \/>\n<meta property=\"article:publisher\" content=\"https:\/\/www.facebook.com\/qticketapp\/\" \/>\n<meta property=\"article:modified_time\" content=\"2024-08-10T11:11:36+00:00\" \/>\n<meta name=\"twitter:label1\" content=\"Est. reading time\">\n\t<meta name=\"twitter:data1\" content=\"6 minutes\">\n<script type=\"application\/ld+json\" class=\"yoast-schema-graph\">{\"@context\":\"https:\/\/schema.org\",\"@graph\":[{\"@type\":\"Organization\",\"@id\":\"https:\/\/www.qticket.lv\/lv\/#organization\",\"name\":\"Qticket\",\"url\":\"https:\/\/www.qticket.lv\/lv\/\",\"sameAs\":[\"https:\/\/www.facebook.com\/qticketapp\/\",\"https:\/\/www.linkedin.com\/company\/qticket\/\"],\"logo\":{\"@type\":\"ImageObject\",\"@id\":\"https:\/\/www.qticket.lv\/lv\/#logo\",\"inLanguage\":\"lv-LV\",\"url\":\"https:\/\/www.qticket.lv\/wp-content\/uploads\/2020\/04\/qticket.logo_.icon_-1.png\",\"width\":567,\"height\":567,\"caption\":\"Qticket\"},\"image\":{\"@id\":\"https:\/\/www.qticket.lv\/lv\/#logo\"}},{\"@type\":\"WebSite\",\"@id\":\"https:\/\/www.qticket.lv\/lv\/#website\",\"url\":\"https:\/\/www.qticket.lv\/lv\/\",\"name\":\"Qticket\",\"description\":\"Just another WordPress site\",\"publisher\":{\"@id\":\"https:\/\/www.qticket.lv\/lv\/#organization\"},\"potentialAction\":[{\"@type\":\"SearchAction\",\"target\":\"https:\/\/www.qticket.lv\/lv\/?s={search_term_string}\",\"query-input\":\"required name=search_term_string\"}],\"inLanguage\":\"lv-LV\"},{\"@type\":\"WebPage\",\"@id\":\"https:\/\/www.qticket.lv\/lv\/customers-o\/#webpage\",\"url\":\"https:\/\/www.qticket.lv\/lv\/customers-o\/\",\"name\":\"Qticket att\\u0101lin\\u0101to rindu un viz\\u012b\\u0161u pieraksta sist\\u0113ma - Qticket\",\"isPartOf\":{\"@id\":\"https:\/\/www.qticket.lv\/lv\/#website\"},\"datePublished\":\"2020-04-16T13:06:13+00:00\",\"dateModified\":\"2024-08-10T11:11:36+00:00\",\"description\":\"Qticket aplik\\u0101cija dro\\u0161\\u0101kais un viegl\\u0101kais veids, lai iest\\u0101tos rind\\u0101 un pierakst\\u012btos uz viz\\u012bti att\\u0101lin\\u0101ti Nov\\u0113r\\u0161 nepiecie\\u0161am\\u012bbu p\\u0113c dz\\u012bvaj\\u0101m rind\\u0101m un \\u013cauj Tev pl\\u0101not savu laiku\",\"inLanguage\":\"lv-LV\",\"potentialAction\":[{\"@type\":\"ReadAction\",\"target\":[\"https:\/\/www.qticket.lv\/lv\/customers-o\/\"]}]}]}<\/script>\n<!-- \/ Yoast SEO plugin. -->","_links":{"self":[{"href":"https:\/\/www.qticket.lv\/lv\/wp-json\/wp\/v2\/pages\/8386"}],"collection":[{"href":"https:\/\/www.qticket.lv\/lv\/wp-json\/wp\/v2\/pages"}],"about":[{"href":"https:\/\/www.qticket.lv\/lv\/wp-json\/wp\/v2\/types\/page"}],"author":[{"embeddable":true,"href":"https:\/\/www.qticket.lv\/lv\/wp-json\/wp\/v2\/users\/1"}],"replies":[{"embeddable":true,"href":"https:\/\/www.qticket.lv\/lv\/wp-json\/wp\/v2\/comments?post=8386"}],"version-history":[{"count":67,"href":"https:\/\/www.qticket.lv\/lv\/wp-json\/wp\/v2\/pages\/8386\/revisions"}],"predecessor-version":[{"id":11422,"href":"https:\/\/www.qticket.lv\/lv\/wp-json\/wp\/v2\/pages\/8386\/revisions\/11422"}],"wp:attachment":[{"href":"https:\/\/www.qticket.lv\/lv\/wp-json\/wp\/v2\/media?parent=8386"}],"curies":[{"name":"wp","href":"https:\/\/api.w.org\/{rel}","templated":true}]}}