{"id":8404,"date":"2020-04-16T16:22:30","date_gmt":"2020-04-16T15:22:30","guid":{"rendered":"https:\/\/test.qticket.com\/?page_id=8404"},"modified":"2024-08-19T10:05:44","modified_gmt":"2024-08-19T09:05:44","slug":"terms-and-conditions","status":"publish","type":"page","link":"https:\/\/www.qticket.lv\/lv\/terms-and-conditions\/","title":{"rendered":"Noteikumi"},"content":{"rendered":"<p>[vc_row][vc_column][vc_column_text]Lejupiel\u0101d\u0113jot vai izmantojot lietotni, \u0161ie noteikumi autom\u0101tiski attiecas uz jums \u2013 t\u0101p\u0113c jums vajadz\u0113tu r\u016bp\u012bgi izlas\u012bt tos pirms lietotnes lieto\u0161anas. Jums nav at\u013cauts kop\u0113t vai modific\u0113t lietotni, k\u0101du t\u0101s da\u013cu vai m\u016bsu pre\u010du z\u012bmes jebk\u0101d\u0101 veid\u0101. Jums nav at\u013cauts m\u0113\u0123in\u0101t ieg\u016bt lietotnes avota kodu, k\u0101 ar\u012b nevajadz\u0113tu m\u0113\u0123in\u0101t tulkot lietotni cit\u0101s valod\u0101s vai veidot atvasin\u0101tas versijas. Lietotne pati, k\u0101 ar\u012b visas pre\u010du z\u012bmes, autorties\u012bbas, datub\u0101zu ties\u012bbas un citas intelektu\u0101l\u0101 \u012bpa\u0161uma ties\u012bbas, kas ar to saist\u012btas, joproj\u0101m pieder SIA Qtech.<\/p>\n<p>SIA Qtech ir ap\u0146\u0113musies nodro\u0161in\u0101t, ka lietotne ir p\u0113c iesp\u0113jas noder\u012bga un efekt\u012bva. T\u0101p\u0113c m\u0113s paturam ties\u012bbas jebkur\u0101 laik\u0101 un jebk\u0101da iemesla d\u0113\u013c veikt izmai\u0146as lietotn\u0113 vai iekas\u0113t maksu par t\u0101s pakalpojumiem. M\u0113s nekad neiekas\u0113sim maksu par lietotni vai t\u0101s pakalpojumiem, nepazi\u0146ojot jums \u013coti skaidri, par ko maks\u0101jat.<\/p>\n<p>Qticket lietotne glab\u0101 un apstr\u0101d\u0101 personas datus, kurus j\u016bs mums esat sniegu\u0161i, lai nodro\u0161in\u0101tu m\u016bsu pakalpojumu. J\u016bsu pien\u0101kums ir nodro\u0161in\u0101t t\u0101lru\u0146a un piek\u013cuves lietotnei dro\u0161\u012bbu. T\u0101p\u0113c m\u0113s iesak\u0101m nejailbreakot vai nerootot savu t\u0101lruni, jo tas ir process, kur\u0101 tiek no\u0146emtas programmat\u016bras ierobe\u017eojumi un ierobe\u017eojumi, ko uzliek j\u016bsu ier\u012bces ofici\u0101l\u0101 oper\u0113t\u0101jsist\u0113ma. Tas var padar\u012bt j\u016bsu t\u0101lruni neaizsarg\u0101tu pret \u013caunpr\u0101t\u012bg\u0101m programmat\u016br\u0101m\/ v\u012brusiem\/ \u013caunpr\u0101t\u012bg\u0101m programm\u0101m, apdraud\u0113t j\u016bsu t\u0101lru\u0146a dro\u0161\u012bbas funkcijas, un tas var noz\u012bm\u0113t, ka Qticket lietotne nedarbosies pareizi vai visp\u0101r.<\/p>\n<p>Lietotne izmanto tre\u0161o pu\u0161u pakalpojumus, kas deklar\u0113 savus noteikumus un nosac\u012bjumus.<\/p>\n<p>Saites uz tre\u0161o pu\u0161u pakalpojumu sniedz\u0113ju noteikumiem un nosac\u012bjumiem, kurus izmanto lietotne:<\/p>\n<div>\n<ul>\n<li><span style=\"color: #000000;\"><a style=\"color: #000000;\" href=\"https:\/\/policies.google.com\/terms?hl=lv\" target=\"_blank\" rel=\"noopener noreferrer\">Google Play Pakalpojumi<\/a><\/span><\/li>\n<li><span style=\"color: #000000;\"><a style=\"color: #000000;\" href=\"https:\/\/firebase.google.com\/terms\/analytics\" target=\"_blank\" rel=\"noopener noreferrer\">Google Analytics for Firebase<\/a><\/span><\/li>\n<\/ul>\n<\/div>\n<p>Jums j\u0101apzin\u0101s, ka ir noteiktas lietas, par kur\u0101m SIA Qtech neuz\u0146emas atbild\u012bbu. Noteikt\u0101m lietotnes funkcij\u0101m b\u016bs nepiecie\u0161ams, lai lietotnei b\u016btu akt\u012bvs interneta savienojums. Savienojums var b\u016bt Wi-Fi vai nodro\u0161in\u0101ts ar j\u016bsu mobilo t\u012bklu, bet SIA Qtech nevar uz\u0146emties atbild\u012bbu par lietotnes nepiln\u012bgu darb\u012bbu, ja jums nav piek\u013cuves Wi-Fi un jums nav atliku\u0161\u0101 datu apjoma.<\/p>\n<p>Ja izmantojat lietotni \u0101rpus zonas ar Wi-Fi, atcerieties, ka j\u016bsu l\u012bguma noteikumi ar mobilo t\u012bklu joproj\u0101m b\u016bs sp\u0113k\u0101. Rezult\u0101t\u0101, j\u016bsu mobilais operators var iekas\u0113t maksu par datu izmaks\u0101m par savienojuma ilgumu, lietojot lietotni, vai cit\u0101m tre\u0161o pu\u0161u maks\u0101m. Lietojot lietotni, j\u016bs uz\u0146ematies atbild\u012bbu par \u0161\u0101d\u0101m izmaks\u0101m, tostarp par viesabon\u0113\u0161anas datu maks\u0101m, ja izmantojat lietotni \u0101rpus savas teritorijas (piem\u0113ram, re\u0123ion\u0101 vai valst\u012b), neizsl\u0113dzot datu viesabon\u0113\u0161anu. Ja j\u016bs neesat t\u0101lru\u0146a, kur\u0101 lietojat lietotni, maks\u0101t\u0101js, l\u016bdzu, \u0146emiet v\u0113r\u0101, ka m\u0113s pie\u0146emam, ka jums ir sa\u0146emta maks\u0101t\u0101ja at\u013cauja lietot lietotni.<\/p>\n<p>L\u012bdz\u012bgi SIA Qtech nevar vienm\u0113r uz\u0146emties atbild\u012bbu par to, k\u0101 j\u016bs izmantojat lietotni, proti, jums j\u0101p\u0101rliecin\u0101s, ka j\u016bsu ier\u012bcei ir uzl\u0101de \u2013 ja t\u0101 iztuk\u0161ojas un j\u016bs nevarat to iesl\u0113gt, lai izmantotu pakalpojumu, SIA Qtech nevar uz\u0146emties atbild\u012bbu.<\/p>\n<p>Attiec\u012bb\u0101 uz SIA Qtech atbild\u012bbu par j\u016bsu lietotnes izmanto\u0161anu, ir svar\u012bgi atcer\u0113ties, ka, lai gan m\u0113s cen\u0161amies nodro\u0161in\u0101t, lai t\u0101 b\u016btu atjaunin\u0101ta un pareiza visu laiku, m\u0113s pa\u013caujamies uz tre\u0161aj\u0101m pus\u0113m, kas sniedz mums inform\u0101ciju, lai m\u0113s var\u0113tu to nodot jums. SIA Qtech neuz\u0146emas atbild\u012bbu par zaud\u0113jumiem, tie\u0161iem vai netie\u0161iem, kurus j\u016bs piedz\u012bvojat, piln\u012bb\u0101 pa\u013caujoties uz \u0161\u012bs lietotnes funkcionalit\u0101ti.<\/p>\n<p>K\u0101d\u0101 br\u012bd\u012b m\u0113s varam v\u0113l\u0113ties atjaunin\u0101t lietotni. Pa\u0161laik lietotne ir pieejama oper\u0113t\u0101jsist\u0113m\u0101m Android un iOS \u2013 abu sist\u0113mu pras\u012bbas (un jebkura papildu sist\u0113ma, kurai m\u0113s varam papla\u0161in\u0101t lietotnes pieejam\u012bbu) var main\u012bties, un jums b\u016bs j\u0101lejupl\u0101d\u0113 atjaunin\u0101jumi, ja v\u0113laties turpin\u0101t lietot lietotni. SIA Qtech nesola, ka vienm\u0113r atjaunin\u0101s lietotni, lai t\u0101 b\u016btu piem\u0113rota jums un\/vai darbotos ar Android un iOS versiju, kas jums ir instal\u0113ta ier\u012bc\u0113. Tom\u0113r j\u016bs apsol\u0101t vienm\u0113r pie\u0146emt atjaunin\u0101jumus, kad tie tiek pied\u0101v\u0101ti jums. M\u0113s ar\u012b varam v\u0113l\u0113ties p\u0101rtraukt lietotnes nodro\u0161in\u0101\u0161anu un varam izbeigt t\u0101s izmanto\u0161anu jebkur\u0101 laik\u0101, iepriek\u0161 nepazi\u0146ojot par izbeig\u0161anu. Ja m\u0113s jums cit\u0101di nepazi\u0146ojam, (a) ties\u012bbas un licences, kas jums pie\u0161\u0137irtas saska\u0146\u0101 ar \u0161iem noteikumiem, beigsies; (b) jums j\u0101p\u0101rtrauc lietot lietotni un (ja nepiecie\u0161ams) j\u0101izdz\u0113\u0161 to no savas ier\u012bces.<\/p>\n<p><strong>Izmai\u0146as \u0161ajos noteikumos un nosac\u012bjumos<\/strong><\/p>\n<p>M\u0113s varam atjaunin\u0101t m\u016bsu noteikumus un nosac\u012bjumus laiku pa laikam. T\u0101d\u0113\u013c jums ir ieteicams periodiski p\u0101rskat\u012bt \u0161o lapu, lai redz\u0113tu jebk\u0101das izmai\u0146as. M\u0113s j\u016bs inform\u0113sim par jebk\u0101d\u0101m izmai\u0146\u0101m, public\u0113jot jaunos noteikumus un nosac\u012bjumus \u0161aj\u0101 lap\u0101. \u0160\u012bs izmai\u0146as st\u0101jas sp\u0113k\u0101 uzreiz p\u0113c to public\u0113\u0161anas \u0161aj\u0101 lap\u0101.<\/p>\n<p><strong>Sazinieties ar mums<\/strong><\/p>\n<p>Ja jums ir k\u0101di jaut\u0101jumi vai ieteikumi par m\u016bsu noteikumiem un nosac\u012bjumiem, nevilcinieties sazin\u0101ties ar mums pa e-pastu: info@qticket.com.[\/vc_column_text][\/vc_column][\/vc_row]<\/p>\n","protected":false},"excerpt":{"rendered":"<p>[vc_row][vc_column][vc_column_text]Lejupiel\u0101d\u0113jot vai izmantojot lietotni, \u0161ie noteikumi autom\u0101tiski attiecas uz jums \u2013 t\u0101p\u0113c jums vajadz\u0113tu r\u016bp\u012bgi izlas\u012bt tos pirms lietotnes lieto\u0161anas. [&hellip;]<\/p>\n","protected":false},"author":1,"featured_media":0,"parent":0,"menu_order":0,"comment_status":"closed","ping_status":"closed","template":"","meta":{"inline_featured_image":false},"yoast_head":"<!-- This site is optimized with the Yoast SEO plugin v15.5 - https:\/\/yoast.com\/wordpress\/plugins\/seo\/ -->\n<title>Noteikumi - Qticket<\/title>\n<meta name=\"robots\" content=\"index, follow, max-snippet:-1, max-image-preview:large, max-video-preview:-1\" \/>\n<link rel=\"canonical\" href=\"https:\/\/www.qticket.lv\/lv\/terms-and-conditions\/\" \/>\n<meta property=\"og:locale\" content=\"lv_LV\" \/>\n<meta property=\"og:type\" content=\"article\" \/>\n<meta property=\"og:title\" content=\"Noteikumi - Qticket\" \/>\n<meta property=\"og:description\" content=\"[vc_row][vc_column][vc_column_text]Lejupiel\u0101d\u0113jot vai izmantojot lietotni, \u0161ie noteikumi autom\u0101tiski attiecas uz jums \u2013 t\u0101p\u0113c jums vajadz\u0113tu r\u016bp\u012bgi izlas\u012bt tos pirms lietotnes lieto\u0161anas. [&hellip;]\" \/>\n<meta property=\"og:url\" content=\"https:\/\/www.qticket.lv\/lv\/terms-and-conditions\/\" \/>\n<meta property=\"og:site_name\" content=\"Qticket\" \/>\n<meta property=\"article:publisher\" content=\"https:\/\/www.facebook.com\/qticketapp\/\" \/>\n<meta property=\"article:modified_time\" content=\"2024-08-19T09:05:44+00:00\" \/>\n<meta name=\"twitter:label1\" content=\"Est. reading time\">\n\t<meta name=\"twitter:data1\" content=\"4 minutes\">\n<script type=\"application\/ld+json\" class=\"yoast-schema-graph\">{\"@context\":\"https:\/\/schema.org\",\"@graph\":[{\"@type\":\"Organization\",\"@id\":\"https:\/\/www.qticket.lt\/lt\/#organization\",\"name\":\"Qticket\",\"url\":\"https:\/\/www.qticket.lt\/lt\/\",\"sameAs\":[\"https:\/\/www.facebook.com\/qticketapp\/\",\"https:\/\/www.linkedin.com\/company\/qticket\/\"],\"logo\":{\"@type\":\"ImageObject\",\"@id\":\"https:\/\/www.qticket.lt\/lt\/#logo\",\"inLanguage\":\"lv-LV\",\"url\":\"https:\/\/www.qticket.lv\/wp-content\/uploads\/2020\/04\/qticket.logo_.icon_-1.png\",\"width\":567,\"height\":567,\"caption\":\"Qticket\"},\"image\":{\"@id\":\"https:\/\/www.qticket.lt\/lt\/#logo\"}},{\"@type\":\"WebSite\",\"@id\":\"https:\/\/www.qticket.lt\/lt\/#website\",\"url\":\"https:\/\/www.qticket.lt\/lt\/\",\"name\":\"Qticket\",\"description\":\"Just another WordPress site\",\"publisher\":{\"@id\":\"https:\/\/www.qticket.lt\/lt\/#organization\"},\"potentialAction\":[{\"@type\":\"SearchAction\",\"target\":\"https:\/\/www.qticket.lt\/lt\/?s={search_term_string}\",\"query-input\":\"required name=search_term_string\"}],\"inLanguage\":\"lv-LV\"},{\"@type\":\"WebPage\",\"@id\":\"https:\/\/www.qticket.lv\/lv\/terms-and-conditions\/#webpage\",\"url\":\"https:\/\/www.qticket.lv\/lv\/terms-and-conditions\/\",\"name\":\"Noteikumi - Qticket\",\"isPartOf\":{\"@id\":\"https:\/\/www.qticket.lt\/lt\/#website\"},\"datePublished\":\"2020-04-16T15:22:30+00:00\",\"dateModified\":\"2024-08-19T09:05:44+00:00\",\"inLanguage\":\"lv-LV\",\"potentialAction\":[{\"@type\":\"ReadAction\",\"target\":[\"https:\/\/www.qticket.lv\/lv\/terms-and-conditions\/\"]}]}]}<\/script>\n<!-- \/ Yoast SEO plugin. -->","_links":{"self":[{"href":"https:\/\/www.qticket.lv\/lv\/wp-json\/wp\/v2\/pages\/8404"}],"collection":[{"href":"https:\/\/www.qticket.lv\/lv\/wp-json\/wp\/v2\/pages"}],"about":[{"href":"https:\/\/www.qticket.lv\/lv\/wp-json\/wp\/v2\/types\/page"}],"author":[{"embeddable":true,"href":"https:\/\/www.qticket.lv\/lv\/wp-json\/wp\/v2\/users\/1"}],"replies":[{"embeddable":true,"href":"https:\/\/www.qticket.lv\/lv\/wp-json\/wp\/v2\/comments?post=8404"}],"version-history":[{"count":6,"href":"https:\/\/www.qticket.lv\/lv\/wp-json\/wp\/v2\/pages\/8404\/revisions"}],"predecessor-version":[{"id":11696,"href":"https:\/\/www.qticket.lv\/lv\/wp-json\/wp\/v2\/pages\/8404\/revisions\/11696"}],"wp:attachment":[{"href":"https:\/\/www.qticket.lv\/lv\/wp-json\/wp\/v2\/media?parent=8404"}],"curies":[{"name":"wp","href":"https:\/\/api.w.org\/{rel}","templated":true}]}}